{"id":939,"date":"2024-03-25T12:04:03","date_gmt":"2024-03-25T15:04:03","guid":{"rendered":"https:\/\/www.iglesiaenlaplata.ar\/?page_id=939"},"modified":"2024-03-25T12:04:04","modified_gmt":"2024-03-25T15:04:04","slug":"felices-pascuas","status":"publish","type":"page","link":"https:\/\/www.iglesiaenlaplata.ar\/?page_id=939","title":{"rendered":"\u00bfFelices Pascuas?"},"content":{"rendered":"\n<p class=\"has-blue-color has-text-color has-link-color wp-elements-d2f09914cb37a7551ca746ac8912095c\" style=\"font-size:24px\"><strong>\u00bfFELICES PASCUAS?<\/strong><\/p>\n\n\n\n<div class=\"wp-block-media-text is-stacked-on-mobile is-vertically-aligned-top\" style=\"grid-template-columns:28% auto\"><figure class=\"wp-block-media-text__media\"><img loading=\"lazy\" decoding=\"async\" width=\"626\" height=\"392\" src=\"https:\/\/www.iglesiaenlaplata.ar\/wp-content\/uploads\/2024\/03\/TUMBA.jpg\" alt=\"\" class=\"wp-image-941 size-full\"\/><\/figure><div class=\"wp-block-media-text__content\">\n<p>Cada a\u00f1o, acostumbramos a desearnos unos a otros, entre conocidos, amigos y parientes: &#8220;\u00a1Que tengas felices Pascuas!&#8221; Pero&#8230; \u00bfQu\u00e9 es en realidad, la Pascua? Es una celebraci\u00f3n que ten\u00eda, y a\u00fan tiene el pueblo jud\u00edo, en la cual se conmemora el libramiento de la esclavitud de Israel en tierras de Egipto. En esa ocasi\u00f3n fueron sacados milagrosamente por Dios de aquella tierra. En este sentido, la Biblia nos relata que Dios les hab\u00eda mandado que deb\u00edan matar un cordero y con esa sangre pintar los dos postes y el dintel de las puertas de sus casas.<br>estuvieran bajo ese techo y obedecieran, ser\u00edan libradas de la gran mortandad que se producir\u00eda por obra de Dios para castigar al pueblo egipcio, en medio del cual estaban esclavizados los jud\u00edos.<br>As\u00ed fue&#8230; Dios cumpli\u00f3 su promesa y los libert\u00f3. Por eso, cada a\u00f1o se gozan y celebran esa salvaci\u00f3n.<br>Muchos a\u00f1os m\u00e1s tarde, Jes\u00fas tambi\u00e9n celebr\u00f3 la Pascua seg\u00fan la tradici\u00f3n, justo antes de ser entregado a muerte en la cruz, e instituy\u00f3 una \u201cNueva Pascua\u201d, que celebrar\u00eda la libertad para siempre de la esclavitud del pecado, de todos aquellos que, como en la antig\u00fcedad, confiaran en una Sangre, pero esta vez mucho m\u00e1s sublime que la de aquel corderito.<br>Esta Sangre era la del \u201cCordero de Dios, Jes\u00fas\u201d, que vino a quitar el pecado del mundo.<br>Si Usted quiere pasar unas \u201cFelices Pascuas\u201d, debe tener un motivo:<br>&#8220;Haber sido librado de la esclavitud del pecado&#8221;<br>y esto solo sucede en el momento en que, vi\u00e9ndose Usted pecador, reconoce que \u201cAlguien\u201d vino para librarlo y que, confiando en Su Sangre y pidi\u00e9ndole perd\u00f3n a Jes\u00fas por sus pecados, obtendr\u00e1 la Salvaci\u00f3n y la prometida Vida Eterna.<br>Si esto no lo hace, no hay raz\u00f3n por la cual Usted celebre o conmemore esta fiesta.<br>Lo invitamos que medite en esto\u2026<br>\u00a0<br>Dios lo est\u00e1 esperando, y si acepta el sacrificio de Jes\u00fas a favor suyo, podr\u00e1 pasar unas Felices Pascuas.<\/p>\n<\/div><\/div>\n\n\n\n<p class=\"has-text-align-center\"><em>&#8220;&#8230;Porque nuestra pascua, que es Cristo, fue sacrificada por nosotros. As\u00ed que hagamos fiesta&#8230;&#8221;<\/em><br>\u00a0(1<sup>a<\/sup> Corintios 5:7 y 8)<br><strong>&#8211; LA SANTA BIBLIA &#8211;<\/strong><\/p>\n ","protected":false},"excerpt":{"rendered":"<p>\u00bfFELICES PASCUAS? Cada a\u00f1o, acostumbramos a desearnos unos a otros, entre conocidos, amigos y parientes:&#8230;<\/p>\n","protected":false},"author":1,"featured_media":0,"parent":0,"menu_order":0,"comment_status":"closed","ping_status":"closed","template":"","meta":{"footnotes":""},"class_list":["post-939","page","type-page","status-publish","hentry"],"_links":{"self":[{"href":"https:\/\/www.iglesiaenlaplata.ar\/index.php?rest_route=\/wp\/v2\/pages\/939","targetHints":{"allow":["GET"]}}],"collection":[{"href":"https:\/\/www.iglesiaenlaplata.ar\/index.php?rest_route=\/wp\/v2\/pages"}],"about":[{"href":"https:\/\/www.iglesiaenlaplata.ar\/index.php?rest_route=\/wp\/v2\/types\/page"}],"author":[{"embeddable":true,"href":"https:\/\/www.iglesiaenlaplata.ar\/index.php?rest_route=\/wp\/v2\/users\/1"}],"replies":[{"embeddable":true,"href":"https:\/\/www.iglesiaenlaplata.ar\/index.php?rest_route=%2Fwp%2Fv2%2Fcomments&post=939"}],"version-history":[{"count":3,"href":"https:\/\/www.iglesiaenlaplata.ar\/index.php?rest_route=\/wp\/v2\/pages\/939\/revisions"}],"predecessor-version":[{"id":943,"href":"https:\/\/www.iglesiaenlaplata.ar\/index.php?rest_route=\/wp\/v2\/pages\/939\/revisions\/943"}],"wp:attachment":[{"href":"https:\/\/www.iglesiaenlaplata.ar\/index.php?rest_route=%2Fwp%2Fv2%2Fmedia&parent=939"}],"curies":[{"name":"wp","href":"https:\/\/api.w.org\/{rel}","templated":true}]}}