{"id":675,"date":"2021-10-25T12:02:12","date_gmt":"2021-10-25T15:02:12","guid":{"rendered":"https:\/\/www.iglesiaenlaplata.ar\/?page_id=675"},"modified":"2025-04-16T12:47:44","modified_gmt":"2025-04-16T15:47:44","slug":"horarios","status":"publish","type":"page","link":"https:\/\/www.iglesiaenlaplata.ar\/?page_id=675","title":{"rendered":"Horarios"},"content":{"rendered":"\n<h2 class=\"wp-block-heading\">Te invitamos a participar de nuestras Reuniones presenciales&#8230; <\/h2>\n\n\n\n<div class=\"wp-block-columns is-layout-flex wp-container-core-columns-is-layout-9d6595d7 wp-block-columns-is-layout-flex\">\n<div class=\"wp-block-column is-layout-flow wp-block-column-is-layout-flow\">\n<p class=\"has-text-align-center has-red-color has-text-color\" style=\"font-size:18px\"><strong>En el Templo en la ciudad de La Plata, calle 61 Nro. 1170 entre 18 y 19<\/strong><\/p>\n\n\n\n<p class=\"has-text-align-center has-blue-color has-text-color\" style=\"font-size:18px\"><strong>HORARIOS <\/strong><\/p>\n\n\n\n<p class=\"has-text-align-center has-regular-font-size\"><strong>Domingos 10:00 hs.<\/strong> &#8211; Reuni\u00f3n de Estudio B\u00edblico y Escuela Dominical<\/p>\n\n\n\n<p class=\"has-text-align-center has-regular-font-size\"><strong>Domingos 20:00 hs.<\/strong> &#8211; Reuni\u00f3n de Predicaci\u00f3n del Evangelio<\/p>\n\n\n\n<p class=\"has-text-align-center has-regular-font-size\"><strong>Martes 19:30 hs. <\/strong>&#8211; Reuni\u00f3n de Estudio B\u00edblico y Oraci\u00f3n <\/p>\n\n\n\n<div style=\"height:10px\" aria-hidden=\"true\" class=\"wp-block-spacer\"><\/div>\n\n\n\n<hr class=\"wp-block-separator has-text-color has-black-color has-css-opacity has-black-background-color has-background is-style-default\"\/>\n\n\n\n<div style=\"height:12px\" aria-hidden=\"true\" class=\"wp-block-spacer\"><\/div>\n\n\n\n<p class=\"has-text-align-center has-red-color has-text-color\" style=\"font-size:18px\"><strong>En los Anexos en Altos de San Lorenzo, City Bell, El Dique y Ensenada <\/strong><\/p>\n\n\n\n<p class=\"has-text-align-center has-blue-color has-text-color\" style=\"font-size:18px\"><strong><a href=\"https:\/\/www.iglesiaenlaplata.ar\/?page_id=7\" target=\"_blank\" rel=\"noreferrer noopener\">Consultar los HORARIOS<\/a> <\/strong><\/p>\n<\/div>\n<\/div>\n\n\n\n<p><\/p>\n ","protected":false},"excerpt":{"rendered":"<p>Te invitamos a participar de nuestras Reuniones presenciales&#8230; En el Templo en la ciudad de&#8230;<\/p>\n","protected":false},"author":1,"featured_media":0,"parent":0,"menu_order":0,"comment_status":"closed","ping_status":"closed","template":"","meta":{"footnotes":""},"class_list":["post-675","page","type-page","status-publish","hentry"],"_links":{"self":[{"href":"https:\/\/www.iglesiaenlaplata.ar\/index.php?rest_route=\/wp\/v2\/pages\/675","targetHints":{"allow":["GET"]}}],"collection":[{"href":"https:\/\/www.iglesiaenlaplata.ar\/index.php?rest_route=\/wp\/v2\/pages"}],"about":[{"href":"https:\/\/www.iglesiaenlaplata.ar\/index.php?rest_route=\/wp\/v2\/types\/page"}],"author":[{"embeddable":true,"href":"https:\/\/www.iglesiaenlaplata.ar\/index.php?rest_route=\/wp\/v2\/users\/1"}],"replies":[{"embeddable":true,"href":"https:\/\/www.iglesiaenlaplata.ar\/index.php?rest_route=%2Fwp%2Fv2%2Fcomments&post=675"}],"version-history":[{"count":11,"href":"https:\/\/www.iglesiaenlaplata.ar\/index.php?rest_route=\/wp\/v2\/pages\/675\/revisions"}],"predecessor-version":[{"id":999,"href":"https:\/\/www.iglesiaenlaplata.ar\/index.php?rest_route=\/wp\/v2\/pages\/675\/revisions\/999"}],"wp:attachment":[{"href":"https:\/\/www.iglesiaenlaplata.ar\/index.php?rest_route=%2Fwp%2Fv2%2Fmedia&parent=675"}],"curies":[{"name":"wp","href":"https:\/\/api.w.org\/{rel}","templated":true}]}}