{"id":6,"date":"2020-12-15T13:48:08","date_gmt":"2020-12-15T16:48:08","guid":{"rendered":"https:\/\/www.iglesiaenlaplata.ar\/?page_id=6"},"modified":"2021-05-09T22:58:38","modified_gmt":"2021-05-10T01:58:38","slug":"acerca-de","status":"publish","type":"page","link":"https:\/\/www.iglesiaenlaplata.ar\/?page_id=6","title":{"rendered":"Qui\u00e9nes somos&#8230;"},"content":{"rendered":"\n<div class=\"wp-block-media-text alignwide has-media-on-the-right is-stacked-on-mobile is-vertically-aligned-top\"><figure class=\"wp-block-media-text__media\"><img loading=\"lazy\" decoding=\"async\" width=\"1274\" height=\"1523\" src=\"https:\/\/www.iglesiaenlaplata.ar\/wp-content\/uploads\/2020\/12\/Frente-Icono.jpg\" alt=\"\" class=\"wp-image-70 size-full\"\/><\/figure><div class=\"wp-block-media-text__content\">\n<p class=\"has-text-align-left\" style=\"font-size:18px\">Somos una Iglesia Cristiana Evang\u00e9lica, surgida del movimiento cristiano evang\u00e9lico de obediencia a la Doctrina B\u00edblica de Separaci\u00f3n de apostas\u00edas, constituida el 11 de mayo de 1962 en la ciudad de La Plata.<\/p>\n\n\n\n<p class=\"has-text-align-left\" style=\"font-size:18px\">Nos separamos de aquellos que comunican con las obras infructuosas de las tinieblas para contender eficazmente por la fe. Anhelamos servir a Dios y no a los hombres; no tenemos templos lujosos, pero s\u00ed hogares consagrados al Se\u00f1or.<\/p>\n\n\n\n<p class=\"has-text-align-left\" style=\"font-size:18px\">En fidelidad a la Palabra de Dios, nuestra iglesia fue plantada como Fundamental en la Fe, Aut\u00f3noma, Independiente de toda Denominaci\u00f3n o Misi\u00f3n Nacional o Extranjera, no-Denominacional en posici\u00f3n y vocaci\u00f3n Eclesi\u00e1stica, Dispensacional en su vista de las Escrituras y Pre-Tribulacionista en su esperanza de la Venida del Se\u00f1or para arrebatar a Su Pueblo. Su \u00danica Autoridad en Doctrina y Pr\u00e1cticas: las Santas Escrituras. Su Misi\u00f3n: Predicar, Defender y Confirmar el Evangelio.<\/p>\n\n\n\n<p class=\"has-text-align-left\" style=\"font-size:18px\">Declaramos que las Sagradas Escrituras (la Santa Biblia) son nuestra \u00fanica regla de fe, doctrina y pr\u00e1cticas. Creemos y confesamos un\u00e1nimes todo el Consejo de Dios, sus doctrinas son las mismas que han cre\u00eddo y practicado los cristianos evang\u00e9licos fieles a la Palabra de Dios por todos los siglos.<\/p>\n<\/div><\/div>\n ","protected":false},"excerpt":{"rendered":"<p>Somos una Iglesia Cristiana Evang\u00e9lica, surgida del movimiento cristiano evang\u00e9lico de obediencia a la Doctrina&#8230;<\/p>\n","protected":false},"author":1,"featured_media":0,"parent":153,"menu_order":0,"comment_status":"closed","ping_status":"closed","template":"","meta":{"footnotes":""},"class_list":["post-6","page","type-page","status-publish","hentry"],"_links":{"self":[{"href":"https:\/\/www.iglesiaenlaplata.ar\/index.php?rest_route=\/wp\/v2\/pages\/6","targetHints":{"allow":["GET"]}}],"collection":[{"href":"https:\/\/www.iglesiaenlaplata.ar\/index.php?rest_route=\/wp\/v2\/pages"}],"about":[{"href":"https:\/\/www.iglesiaenlaplata.ar\/index.php?rest_route=\/wp\/v2\/types\/page"}],"author":[{"embeddable":true,"href":"https:\/\/www.iglesiaenlaplata.ar\/index.php?rest_route=\/wp\/v2\/users\/1"}],"replies":[{"embeddable":true,"href":"https:\/\/www.iglesiaenlaplata.ar\/index.php?rest_route=%2Fwp%2Fv2%2Fcomments&post=6"}],"version-history":[{"count":8,"href":"https:\/\/www.iglesiaenlaplata.ar\/index.php?rest_route=\/wp\/v2\/pages\/6\/revisions"}],"predecessor-version":[{"id":672,"href":"https:\/\/www.iglesiaenlaplata.ar\/index.php?rest_route=\/wp\/v2\/pages\/6\/revisions\/672"}],"up":[{"embeddable":true,"href":"https:\/\/www.iglesiaenlaplata.ar\/index.php?rest_route=\/wp\/v2\/pages\/153"}],"wp:attachment":[{"href":"https:\/\/www.iglesiaenlaplata.ar\/index.php?rest_route=%2Fwp%2Fv2%2Fmedia&parent=6"}],"curies":[{"name":"wp","href":"https:\/\/api.w.org\/{rel}","templated":true}]}}