{"id":539,"date":"2021-03-29T10:54:36","date_gmt":"2021-03-29T13:54:36","guid":{"rendered":"https:\/\/www.iglesiaenlaplata.ar\/?page_id=539"},"modified":"2021-03-29T22:01:28","modified_gmt":"2021-03-30T01:01:28","slug":"vendre-otra-vez","status":"publish","type":"page","link":"https:\/\/www.iglesiaenlaplata.ar\/?page_id=539","title":{"rendered":"Vendr\u00e9 otra vez"},"content":{"rendered":"\n<div class=\"wp-block-media-text alignwide is-stacked-on-mobile is-vertically-aligned-top\" style=\"grid-template-columns:25% auto\"><figure class=\"wp-block-media-text__media\"><img loading=\"lazy\" decoding=\"async\" width=\"2000\" height=\"1339\" src=\"https:\/\/www.iglesiaenlaplata.ar\/wp-content\/uploads\/2021\/03\/CIELO1.jpg\" alt=\"\" class=\"wp-image-540 size-full\"\/><\/figure><div class=\"wp-block-media-text__content\">\n<p class=\"has-blue-color has-text-color\" style=\"font-size:24px\"><strong>VENDR\u00c9 OTRA VEZ<\/strong><\/p>\n\n\n\n<p>Pocas horas antes de ir a la cruz para dar su vida por la salvaci\u00f3n del hombre, el Se\u00f1or Jesucristo, entre otras promesas, formul\u00f3 la que hace al t\u00edtulo de este escrito: \u201cVendr\u00e9 otra vez\u201d; tal es la terminante palabra del Se\u00f1or de la Verdad, dando inmediatamente el alcance y l\u00edmite de tal hecho al agregar: \u201c&#8230; y os tomar\u00e9 a m\u00ed mismo; para que donde yo estoy, vosotros tambi\u00e9n est\u00e9is\u201d. Esta es una esperanza inconmovible de la fe evang\u00e9lica, cre\u00edda por todos los cristianos fieles a la Biblia a trav\u00e9s de los siglos, y que s\u00f3lo puede ser vivida en su expectativa por aquellos que poseen la experiencia salvadora genuina, pues dicha promesa est\u00e1 dirigida \u00fanicamente a los suyos, es decir, a quienes le han aceptado como Dios y Salvador, siendo por tal hecho, hijos del Padre celestial (San Juan 1:12).<\/p>\n\n\n\n<p>Muchas evidencias est\u00e1n hoy manifest\u00e1ndose en este mundo y nos indican que muy pronto Dios cumplir\u00e1 Su promesa y enviar\u00e1 a Jesucristo a buscar a los suyos. Al sostener esto, no hacemos otra cosa sino creer aquello que la Santa Biblia nos revela en tal sentido. No podemos mencionar los centenares de citas que se encuentran en las Sagradas Escrituras, por lo tanto nos limitaremos a algunas de ellas. En su Serm\u00f3n prof\u00e9tico dice el Se\u00f1or Jes\u00fas: \u201c. . .Vendr\u00e1n muchos en mi nombre, diciendo yo soy el Cristo y a muchos enga\u00f1ar\u00e1n. Y oir\u00e9is guerras y rumores de guerras. . . y se levantar\u00e1 naci\u00f3n contra naci\u00f3n y reino contra reino y habr\u00e1 pestilencias y hambres y terremotos por los lugares&#8230; y muchos falsos profetas se levantar\u00e1n y enga\u00f1ar\u00e1n a muchos.\u201d (San Mateo 24:5 al 7 y 11).<\/p>\n\n\n\n<p>Toda esta revelaci\u00f3n conforma un cuadro grave y dif\u00edcil para la humanidad, y por ende, para cada uno de los que habitamos este mundo. Estamos comprobando c\u00f3mo estas cosas, entre otras, se est\u00e1n desarrollando y cumpliendo, conduci\u00e9ndonos as\u00ed a la definici\u00f3n que el Ap\u00f3stol San Pablo declara en su segunda carta a Timoteo, cap\u00edtulo 3, verso 1, diciendo: \u201cEsto tambi\u00e9n sepas, que en los postreros d\u00edas vendr\u00e1n tiempos peligrosos\u201d. Peligrosos, no s\u00f3lo porque bienes, salud, familia, etc. est\u00e1n desprovistos de toda defensa, sino porque la obra diab\u00f3lica, que es lo que ha causado estas desgracias sigue sembrando la semilla maldita de incredulidad y el apartamiento de Dios y Su Palabra. Hoy podemos observar este fen\u00f3meno, que se \u201ccree en Dios en incredulidad\u201d, pues no se acompa\u00f1a al hecho de confiar en la Persona del Eterno, con el creerle a \u00c9l, y es as\u00ed que muy pocos, a\u00fan de los llamados cristianos se aperciben de la pronta y directa intervenci\u00f3n del Creador en los asuntos de la humanidad. S\u00ed, Dios se dispone a actuar para juicio, como lo hiciera en otras \u00e9pocas; y el mismo Se\u00f1or Jes\u00fas dice en otra parte de Su Serm\u00f3n prof\u00e9tico, que el tiempo de Su venida ser\u00e1 como en los \u201cd\u00edas de No\u00e9\u201d, es decir d\u00edas de juicio a la humanidad (el diluvio) y salvaci\u00f3n para unos pocos (\u00e9l y su familia).<\/p>\n\n\n\n<p>En medio de este panorama desolador, cuando el hombre ya no puede controlar ni su propia impiedad, ni sus consecuencias: la violencia, el crimen, el hambre, las pestes, la contaminaci\u00f3n, etc., etc.; mientras el enga\u00f1o espiritual avanza a pasos agigantados, por cuanto millones de seres est\u00e1n bajo el dominio diab\u00f3lico, por sus idolatr\u00edas, hechicer\u00edas, y el gran misterio de un \u201ccristianismo incr\u00e9dulo\u201d, carente de experiencia genuina, ello conforma un mundo cada vez m\u00e1s lejos de los prop\u00f3sitos divinos. A pesar de todo, la Palabra de Cristo resuena a\u00fan, llamando a los pecadores a volverse a Dios en verdadero arrepentimiento, con la urgencia del tiempo, pues pronto volver\u00e1 a buscar aquello que le pertenece. \u201cVendr\u00e9 otra vez y os tomar\u00e9 a m\u00ed mismo, para que donde yo estoy, vosotros tambi\u00e9n est\u00e9is\u201d.<\/p>\n\n\n\n<p>Hoy, cuando todo es inseguro e inestable, porque se est\u00e1 llevando a esta pobre humanidad a un callej\u00f3n sin salida, y muchos ven como \u00fanica alternativa y esperanza la instalaci\u00f3n de un gobierno internacional fuerte, y es evidente que el mundo se est\u00e1 movilizando para lograr este hecho, que no ser\u00e1 la soluci\u00f3n esperada por cuanto carecer\u00e1 de prop\u00f3sitos divinos y, por lo tanto, s\u00f3lo dar\u00e1 lugar a que el Anticristo se apodere de ese gobierno, enga\u00f1ando a las naciones; todo ello traer\u00e1 aparejado, no s\u00f3lo el sufrimiento infligido por este siniestro personaje, sino tambi\u00e9n los juicios que vendr\u00e1n del cielo, constituy\u00e9ndose entonces, este per\u00edodo nefasto, en \u201cLa Gran Tribulaci\u00f3n\u201d, llamada as\u00ed en la Biblia por las tremendas consecuencias que tendr\u00e1 para todos aquellos que habiten en la tierra.<\/p>\n\n\n\n<p>Amigo lector, en medio de la confusi\u00f3n reinante te invitamos a que oigas la Palabra de Cristo, que te habla a trav\u00e9s de la verdad de las Sagradas Escrituras; \u00c9l te ofrece un doble salvamento, primeramente del juicio y condenaci\u00f3n eterna y tambi\u00e9n de este per\u00edodo \u00fanico que se avecina de sufrimiento terrible cual nunca ocurri\u00f3 antes en la historia del mundo. Acude en arrepentimiento y fe al Se\u00f1or, pues \u00c9l te dice: \u201cel que a m\u00ed viene, no le echo fuera\u201d, para que tambi\u00e9n se cumpla en ti la promesa que hiciera a los suyos de venir y buscarlos y sacarlos de este mundo antes del juicio de Su ira. \u00bfQu\u00e9 har\u00e1s con esta invitaci\u00f3n que Dios te hace en este d\u00eda? Ac\u00e9ptala y ser\u00e1s salvo para toda eternidad.<\/p>\n<\/div><\/div>\n\n\n\n<p class=\"has-text-align-right\"><em>&#8211; Transcripto del Tratado: \u201cVendr\u00e9 otra vez\u201d del Misionero Carlos Andenora &#8211;<\/em><\/p>\n ","protected":false},"excerpt":{"rendered":"<p>VENDR\u00c9 OTRA VEZ Pocas horas antes de ir a la cruz para dar su vida&#8230;<\/p>\n","protected":false},"author":1,"featured_media":0,"parent":544,"menu_order":0,"comment_status":"closed","ping_status":"closed","template":"","meta":{"footnotes":""},"class_list":["post-539","page","type-page","status-publish","hentry"],"_links":{"self":[{"href":"https:\/\/www.iglesiaenlaplata.ar\/index.php?rest_route=\/wp\/v2\/pages\/539","targetHints":{"allow":["GET"]}}],"collection":[{"href":"https:\/\/www.iglesiaenlaplata.ar\/index.php?rest_route=\/wp\/v2\/pages"}],"about":[{"href":"https:\/\/www.iglesiaenlaplata.ar\/index.php?rest_route=\/wp\/v2\/types\/page"}],"author":[{"embeddable":true,"href":"https:\/\/www.iglesiaenlaplata.ar\/index.php?rest_route=\/wp\/v2\/users\/1"}],"replies":[{"embeddable":true,"href":"https:\/\/www.iglesiaenlaplata.ar\/index.php?rest_route=%2Fwp%2Fv2%2Fcomments&post=539"}],"version-history":[{"count":3,"href":"https:\/\/www.iglesiaenlaplata.ar\/index.php?rest_route=\/wp\/v2\/pages\/539\/revisions"}],"predecessor-version":[{"id":571,"href":"https:\/\/www.iglesiaenlaplata.ar\/index.php?rest_route=\/wp\/v2\/pages\/539\/revisions\/571"}],"up":[{"embeddable":true,"href":"https:\/\/www.iglesiaenlaplata.ar\/index.php?rest_route=\/wp\/v2\/pages\/544"}],"wp:attachment":[{"href":"https:\/\/www.iglesiaenlaplata.ar\/index.php?rest_route=%2Fwp%2Fv2%2Fmedia&parent=539"}],"curies":[{"name":"wp","href":"https:\/\/api.w.org\/{rel}","templated":true}]}}