{"id":536,"date":"2021-03-29T10:52:48","date_gmt":"2021-03-29T13:52:48","guid":{"rendered":"https:\/\/www.iglesiaenlaplata.ar\/?page_id=536"},"modified":"2021-03-29T21:56:24","modified_gmt":"2021-03-30T00:56:24","slug":"el-significado-de-la-pascua","status":"publish","type":"page","link":"https:\/\/www.iglesiaenlaplata.ar\/?page_id=536","title":{"rendered":"El significado de la PASCUA"},"content":{"rendered":"\n<div class=\"wp-block-media-text alignwide is-stacked-on-mobile is-vertically-aligned-top\" style=\"grid-template-columns:23% auto\"><figure class=\"wp-block-media-text__media\"><img loading=\"lazy\" decoding=\"async\" width=\"574\" height=\"688\" src=\"https:\/\/www.iglesiaenlaplata.ar\/wp-content\/uploads\/2021\/03\/oracion-Biblia1.jpeg\" alt=\"\" class=\"wp-image-534 size-full\"\/><\/figure><div class=\"wp-block-media-text__content\">\n<p class=\"has-blue-color has-text-color\" style=\"font-size:24px\"><strong>EL SIGNIFICADO DE LA PASCUA<\/strong><\/p>\n\n\n\n<p>En este tiempo celebramos la Pascua y, por distintos motivos, dicha costumbre hace que estos, sean d\u00edas diferentes a los dem\u00e1s, pues algunas personas no trabajan, hay comercios que no atienden, se re\u00fanen las familias, otros aprovechan para descansar y pasear, etc.<\/p>\n\n\n\n<p>Sin duda estos d\u00edas son diferentes al resto del a\u00f1o; a tal punto que es com\u00fan que al saludarse la gente diga: \u201cFelices Pascuas\u201d.<\/p>\n\n\n\n<p>Todos conocemos estas cosas y participamos de ellas, pero, m\u00e1s all\u00e1 de las costumbres y tradiciones que los hombres han establecido, es bueno preguntarse \u00bfes \u00e9ste el verdadero significado de la Pascua?, \u00bfson estas las maneras de celebrarla? Debemos responder que NO; la Biblia ense\u00f1a otra cosa. Veamos lo que ella dice: En primer lugar, para entender la Pascua debemos comenzar por conocernos a nosotros mismos; as\u00ed la Palabra de Dios, expresa claramente que somos pecadores pues \u201ctodos pecaron\u201d (Romanos 3:23). Esta verdad nos incluye en forma personal a cada uno de nosotros. Nadie escapa a esta consideraci\u00f3n. Asimismo, ella nos indica que \u201cla paga del pecado es muerte\u201d (Romanos 6:23) y que \u201clos malos ser\u00e1n trasladados al infierno\u201d (Salmos 9:17).<\/p>\n\n\n\n<p>Esta es nuestra condici\u00f3n: muertos y condenados. M\u00e1s all\u00e1 de lo que cada uno de nosotros pueda pensar, es esto lo que somos a los ojos de Dios y el destino eterno que nos espera despu\u00e9s de la muerte.<\/p>\n\n\n\n<p>Ahora bien, Dios, que es Amor y nos ama desde toda la eternidad \u00bfhabr\u00eda de permanecer indiferente a esta condici\u00f3n de todos los hombres?: \u00a1No!, no lo fue, sino que envi\u00f3 a Su Hijo, el Se\u00f1or Jesucristo, para que \u00c9l ocupara nuestro lugar; Dios carg\u00f3 en \u00c9l el pecado de todos nosotros cuando Cristo muri\u00f3 en la cruz en nuestro lugar.<\/p>\n\n\n\n<p>Por esta raz\u00f3n la Biblia ense\u00f1a que \u201csiendo a\u00fan pecadores, Cristo muri\u00f3 por nosotros\u201d (Romanos 5:8); y, justamente, es este el significado de la Pascua, en ella recordamos aquel d\u00eda en que Cristo, el Hijo de Dios, muri\u00f3 en la cruz sufriendo el castigo que nos correspond\u00eda a nosotros y all\u00ed derram\u00f3 Su Sangre preciosa que nos limpia de todo pecado, para luego resucitar de entre los muertos demostrando as\u00ed Su completa victoria sobre el pecado y la muerte.<\/p>\n\n\n\n<p>Por estos hechos afirmamos que Cristo es el \u00fanico Salvador, por eso tambi\u00e9n el Ap\u00f3stol San Pedro dec\u00eda que: \u201cY en ning\u00fan otro hay salud; porque no hay otro nombre debajo del cielo, dado a los hombres, en que podamos ser salvos\u201d (Los Hechos 4:12).<\/p>\n\n\n\n<p>Este es el profundo significado de la Pascua: el Se\u00f1or Jesucristo muriendo en la cruz por los pecadores, por nosotros, para que ahora confiando en \u00c9l, podamos ser salvos y, en lugar de sufrir el castigo de Dios que nos enviar\u00eda al infierno, podamos tener una eternidad de gloria en los cielos junto al Se\u00f1or Jesucristo.<\/p>\n\n\n\n<p>Pero alguien se preguntar\u00e1 \u00bfc\u00f3mo hacer para alcanzar esta bendici\u00f3n eterna?, la Biblia nos contesta: \u201cCree en el Se\u00f1or Jesucristo y ser\u00e1s salvo\u201d (Los Hechos 16:31). &nbsp; A\u00fan hoy es el tiempo propicio. Si alguno que lee estas l\u00edneas siente en su coraz\u00f3n que es pecador delante de Dios, no deje pasar este d\u00eda: recon\u00f3zcalo ante \u00c9l, p\u00eddale perd\u00f3n por sus pecados en lo \u00edntimo de su coraz\u00f3n y acepte a Jesucristo como su Salvador personal pues: \u201cEl que en \u00e9l cree, no es condenado; m\u00e1s el que no cree, ya es condenado, porque no crey\u00f3 en el nombre del unig\u00e9nito Hijo de Dios\u201d (San Juan 3:18).<\/p>\n\n\n\n<p class=\"has-text-align-right\" style=\"font-size:14px\"><em>&#8211; Transcripto del Tratado: \u201cEl significado de la PASCUA\u201d &#8211;<\/em><\/p>\n<\/div><\/div>\n ","protected":false},"excerpt":{"rendered":"<p>EL SIGNIFICADO DE LA PASCUA En este tiempo celebramos la Pascua y, por distintos motivos,&#8230;<\/p>\n","protected":false},"author":1,"featured_media":0,"parent":544,"menu_order":0,"comment_status":"closed","ping_status":"closed","template":"","meta":{"footnotes":""},"class_list":["post-536","page","type-page","status-publish","hentry"],"_links":{"self":[{"href":"https:\/\/www.iglesiaenlaplata.ar\/index.php?rest_route=\/wp\/v2\/pages\/536","targetHints":{"allow":["GET"]}}],"collection":[{"href":"https:\/\/www.iglesiaenlaplata.ar\/index.php?rest_route=\/wp\/v2\/pages"}],"about":[{"href":"https:\/\/www.iglesiaenlaplata.ar\/index.php?rest_route=\/wp\/v2\/types\/page"}],"author":[{"embeddable":true,"href":"https:\/\/www.iglesiaenlaplata.ar\/index.php?rest_route=\/wp\/v2\/users\/1"}],"replies":[{"embeddable":true,"href":"https:\/\/www.iglesiaenlaplata.ar\/index.php?rest_route=%2Fwp%2Fv2%2Fcomments&post=536"}],"version-history":[{"count":6,"href":"https:\/\/www.iglesiaenlaplata.ar\/index.php?rest_route=\/wp\/v2\/pages\/536\/revisions"}],"predecessor-version":[{"id":570,"href":"https:\/\/www.iglesiaenlaplata.ar\/index.php?rest_route=\/wp\/v2\/pages\/536\/revisions\/570"}],"up":[{"embeddable":true,"href":"https:\/\/www.iglesiaenlaplata.ar\/index.php?rest_route=\/wp\/v2\/pages\/544"}],"wp:attachment":[{"href":"https:\/\/www.iglesiaenlaplata.ar\/index.php?rest_route=%2Fwp%2Fv2%2Fmedia&parent=536"}],"curies":[{"name":"wp","href":"https:\/\/api.w.org\/{rel}","templated":true}]}}