{"id":409,"date":"2020-12-18T16:12:22","date_gmt":"2020-12-18T19:12:22","guid":{"rendered":"https:\/\/www.iglesiaenlaplata.ar\/?page_id=409"},"modified":"2020-12-18T16:12:23","modified_gmt":"2020-12-18T19:12:23","slug":"navidad-cristo-viene-otra-vez","status":"publish","type":"page","link":"https:\/\/www.iglesiaenlaplata.ar\/?page_id=409","title":{"rendered":"Navidad&#8230; Cristo viene otra vez"},"content":{"rendered":"\n<div class=\"wp-block-media-text alignwide is-stacked-on-mobile is-vertically-aligned-top\" style=\"grid-template-columns:15% auto\"><figure class=\"wp-block-media-text__media\"><img loading=\"lazy\" decoding=\"async\" width=\"409\" height=\"408\" src=\"https:\/\/www.iglesiaenlaplata.ar\/wp-content\/uploads\/2020\/12\/CB4121-.jpg\" alt=\"\" class=\"wp-image-417 size-full\"\/><\/figure><div class=\"wp-block-media-text__content\">\n<p style=\"font-size:24px\"><strong>NAVIDAD&#8230; CRISTO VIENE OTRA VEZ<\/strong><\/p>\n\n\n\n<p class=\"has-regular-font-size\">Dijo Jes\u00fas: <em>&#8220;Vendr\u00e9 otra vez, y os tomar\u00e9 a m\u00ed mismo: para que donde yo estoy, vosotros tambi\u00e9n est\u00e9is.&#8221; <\/em>(Juan 14:3)<\/p>\n\n\n\n<p class=\"has-regular-font-size\">Hace aproximadamente 2000 a\u00f1os naci\u00f3 en Bel\u00e9n un ni\u00f1o llamado Jes\u00fas, que significa Salvador. Varios siglos antes profetas anunciaron su nacimiento, indicando exactamente el lugar (profec\u00eda de Miqueas 5:2) el a\u00f1o en que ocurrir\u00eda (profec\u00eda de Daniel 9:25) y su naturaleza Divina (profec\u00edas de Isa\u00edas 7:14 y 9:6).<\/p>\n\n\n\n<p class=\"has-regular-font-size\">Fue la primera venida del Hijo de Dios a la tierra, quien se despoj\u00f3 de Su gloria para tomar la forma de un ni\u00f1ito. Hecho hombre dio testimonio de su origen Divino, por lo cual le condenaron a morir clavado en una cruz. Autentic\u00f3 su naturaleza Divina no s\u00f3lo por sus ense\u00f1anzas y los milagros que hizo, sino tambi\u00e9n resucitando de entre los muertos.<\/p>\n\n\n\n<p class=\"has-regular-font-size\">As\u00ed dio comienzo a la Era Cristiana o de la Iglesia de Cristo, quien prometi\u00f3 volver a buscar a los suyos al fin de esta era: Todos los que aceptaron a Jesucristo como su Salvador, se reunir\u00e1n con \u00c9l, los que est\u00e1n muertos se levantar\u00e1n del polvo y los vivos ser\u00e1n transformados tambi\u00e9n a su semejanza.<\/p>\n\n\n\n<p class=\"has-regular-font-size\"><strong>\u00bfCu\u00e1ndo volver\u00e1 el Hijo de Dios a buscarnos?<\/strong><\/p>\n\n\n\n<p class=\"has-regular-font-size\">El d\u00eda y la hora nadie lo sabe. Sin embargo podemos conocer aproximadamente el tiempo de Su Venida por las se\u00f1ales que el mismo Se\u00f1or declar\u00f3 para que nos podamos preparar.<\/p>\n\n\n\n<p class=\"has-regular-font-size\"><strong>\u00bfCu\u00e1les son esas se\u00f1ales?<\/strong><\/p>\n\n\n\n<p class=\"has-regular-font-size\"><strong><em>Multiplicaci<\/em><\/strong><strong><em>\u00f3n de la ciencia <\/em><\/strong>(Daniel 12:4)<\/p>\n\n\n\n<p class=\"has-regular-font-size\">Nadie puede ignorar que el desarrollo cient\u00edfico y tecnol\u00f3gico ha sido explosivo en estos a\u00f1os en el campo de la electr\u00f3nica y las comunicaciones, y se espera una pr\u00f3xima revoluci\u00f3n en el campo de la gen\u00e9tica.<\/p>\n\n\n\n<p class=\"has-regular-font-size\"><strong><em>Multiplicaci<\/em><\/strong><strong><em>\u00f3n de la maldad y corrupci\u00f3n moral <\/em><\/strong>(Mateo 24:12; Lucas 17:26-30)<\/p>\n\n\n\n<p class=\"has-regular-font-size\">La corrupci\u00f3n multiplicada,&nbsp; la violencia, la inseguridad, la disoluci\u00f3n de la familia, juntamente con una p\u00e9rdida de valores morales, son signos de esta \u00e9poca.<\/p>\n\n\n\n<p class=\"has-regular-font-size\"><strong><em>Guerras, pestilencias, hambre, <\/em><\/strong><strong><em>terremotos <\/em><\/strong>(Mateo 24:7)<\/p>\n\n\n\n<p class=\"has-regular-font-size\">Durante el Siglo XX unos 2000 terremotos de importancia (de magnitud 7 o m\u00e1s) tuvieron lugar en el mundo. El hambre y la malnutrici\u00f3n llegan a millones, muchos de ellos afectados por desastres naturales, guerras, disturbios civiles y desplazamiento de poblaciones. Nuevas enfermedades se han extendido r\u00e1pidamente por todo el mundo y las guerras biol\u00f3gicas pueden llevar pesti\u00adlencias a todas partes.<\/p>\n\n\n\n<p class=\"has-regular-font-size\"><strong><em>Retorno de Israel a la tierra de Palestina <\/em><\/strong>(Lucas 21:24)<\/p>\n\n\n\n<p class=\"has-regular-font-size\">Luego de 19 siglos de dispersi\u00f3n del pueblo jud\u00edo, manteniendo su identidad en los diversos pa\u00edses donde residi\u00f3, regres\u00f3 en el a\u00f1o 1948 al territorio donde constituy\u00f3 el Estado de Israel. El Se\u00f1or Jes\u00fas hab\u00eda profetizado que suceder\u00eda esto en el cumplimiento del tiempo, y fue reci\u00e9n en 1967 que los jud\u00edos tomaron posesi\u00f3n de Jerusal\u00e9n.<\/p>\n\n\n\n<p class=\"has-regular-font-size\"><strong><em>Falsos maestros <\/em><\/strong>(Mateo 24:11)<\/p>\n\n\n\n<p class=\"has-regular-font-size\">La incredulidad y el apartamiento de la verdad de la Palabra de Dios, la multiplicaci\u00f3n de sectas y falsos maestros, los milagros mentirosos, la falsa unidad religiosa ecum\u00e9nica, son otras se\u00f1ales del tiempo actual. La preparaci\u00f3n de un poder mundial que ha de darle el dominio a un falso Mes\u00edas est\u00e1 en la mente de muchos y en las tendencias de un mundo cada vez m\u00e1s globalizado.<\/p>\n\n\n\n<p class=\"has-regular-font-size\"><strong>\u00bfQu\u00e9 falta para que se cumpla Su Venida?<\/strong><\/p>\n\n\n\n<p class=\"has-regular-font-size\">Todas las se\u00f1ales han tenido -en forma total o parcial- su cumplimiento. Los comienzos convulsionados de este tercer milenio desde el nacimiento de Cristo, est\u00e1n acelerando los acontecimientos relaciona\u00addos con Su venida.<\/p>\n\n\n\n<p class=\"has-regular-font-size\">Nadie puede saber exactamente cu\u00e1ndo ser\u00e1 el d\u00eda. Pero hay algo que s\u00ed sabemos, y es que El vendr\u00e1 de repente a buscar a los suyos, y a estar para siempre con los que \u00c9l salv\u00f3.<\/p>\n\n\n\n<p class=\"has-regular-font-size\">As\u00ed como hubo una Navidad hace 2000 a\u00f1os y muy pocos se dieron cuenta de ello y recibieron al Se\u00f1or, as\u00ed vendr\u00e1 otra vez a este mundo. Pero tambi\u00e9n puede haber hoy una Navidad para ti, amado lector, si recibes por fe al Salvador en tu coraz\u00f3n.<\/p>\n\n\n\n<p class=\"has-regular-font-size\">Jes\u00fas es el Salvador porque por amor de nosotros muri\u00f3 para quitar el pecado del mundo, y quiere quitar los tuyos. Aunque te resistas a creerlo, por Su Esp\u00edritu est\u00e1 cerca de ti y, si decides buscarle con sinceridad, \u00c9l te encontrar\u00e1. Ser\u00e1 el principio de la Era de Cristo para ti, una nueva vida espiritual con el Se\u00f1or dentro de ti.<\/p>\n\n\n\n<p class=\"has-regular-font-size\"><strong>Dijo Jes<\/strong><strong>\u00fas: &#8220;Vendr\u00e9 otra vez&#8230;&#8221;<\/strong><\/p>\n\n\n\n<p class=\"has-regular-font-size\"><em>Muy pronto Cristo volver<\/em><em>\u00e1 y terminar\u00e1 esta Era de la iglesia. \u00bfEst\u00e1s preparado? Si a\u00fan no le has aceptado como tu salvador, no sabes cu\u00e1nto tiempo tendr\u00e1s para hacerlo mientras tengas vida y antes que El venga. Si hoy le recibes por la fe como tu salvador, ten la seguridad que cuando llegue ese d\u00eda, \u00c9l te buscar\u00e1 personalmente y te recibir\u00e1 con gran gozo en la casa de Su Padre.<\/em><\/p>\n\n\n\n<p class=\"has-regular-font-size\"><strong>&#8220;&#8230;y os tomar\u00e9 a m\u00ed mismo: para que donde yo estoy vosotros tambi\u00e9n est\u00e9is&#8221;<\/strong><\/p>\n\n\n\n<p class=\"has-text-align-right\">&#8211; Extra\u00eddo del Tratado &#8220;Navidad&#8230; Cristo viene otra vez&#8221;<\/p>\n<\/div><\/div>\n ","protected":false},"excerpt":{"rendered":"<p>NAVIDAD&#8230; CRISTO VIENE OTRA VEZ Dijo Jes\u00fas: &#8220;Vendr\u00e9 otra vez, y os tomar\u00e9 a m\u00ed&#8230;<\/p>\n","protected":false},"author":1,"featured_media":0,"parent":315,"menu_order":0,"comment_status":"closed","ping_status":"closed","template":"","meta":{"footnotes":""},"class_list":["post-409","page","type-page","status-publish","hentry"],"_links":{"self":[{"href":"https:\/\/www.iglesiaenlaplata.ar\/index.php?rest_route=\/wp\/v2\/pages\/409","targetHints":{"allow":["GET"]}}],"collection":[{"href":"https:\/\/www.iglesiaenlaplata.ar\/index.php?rest_route=\/wp\/v2\/pages"}],"about":[{"href":"https:\/\/www.iglesiaenlaplata.ar\/index.php?rest_route=\/wp\/v2\/types\/page"}],"author":[{"embeddable":true,"href":"https:\/\/www.iglesiaenlaplata.ar\/index.php?rest_route=\/wp\/v2\/users\/1"}],"replies":[{"embeddable":true,"href":"https:\/\/www.iglesiaenlaplata.ar\/index.php?rest_route=%2Fwp%2Fv2%2Fcomments&post=409"}],"version-history":[{"count":2,"href":"https:\/\/www.iglesiaenlaplata.ar\/index.php?rest_route=\/wp\/v2\/pages\/409\/revisions"}],"predecessor-version":[{"id":418,"href":"https:\/\/www.iglesiaenlaplata.ar\/index.php?rest_route=\/wp\/v2\/pages\/409\/revisions\/418"}],"up":[{"embeddable":true,"href":"https:\/\/www.iglesiaenlaplata.ar\/index.php?rest_route=\/wp\/v2\/pages\/315"}],"wp:attachment":[{"href":"https:\/\/www.iglesiaenlaplata.ar\/index.php?rest_route=%2Fwp%2Fv2%2Fmedia&parent=409"}],"curies":[{"name":"wp","href":"https:\/\/api.w.org\/{rel}","templated":true}]}}