{"id":341,"date":"2020-12-17T23:37:45","date_gmt":"2020-12-18T02:37:45","guid":{"rendered":"https:\/\/www.iglesiaenlaplata.ar\/?page_id=341"},"modified":"2020-12-18T15:29:43","modified_gmt":"2020-12-18T18:29:43","slug":"el-pesebre-de-belen-2","status":"publish","type":"page","link":"https:\/\/www.iglesiaenlaplata.ar\/?page_id=341","title":{"rendered":"El Pesebre de Bel\u00e9n"},"content":{"rendered":"\n<div class=\"wp-block-media-text alignfull is-stacked-on-mobile is-vertically-aligned-top\" style=\"grid-template-columns:15% auto\"><figure class=\"wp-block-media-text__media\"><img loading=\"lazy\" decoding=\"async\" width=\"550\" height=\"550\" src=\"https:\/\/www.iglesiaenlaplata.ar\/wp-content\/uploads\/2020\/12\/belen-pesebre.jpg\" alt=\"\" class=\"wp-image-400 size-full\"\/><\/figure><div class=\"wp-block-media-text__content\">\n<p style=\"font-size:24px\"><strong>EL PESEBRE DE BEL\u00c9N<\/strong><\/p>\n\n\n\n<p class=\"has-regular-font-size\">Al acercarse los d\u00edas de Navidad y seg\u00fan es costumbre en los pa\u00edses de tradiciones cristianas, se habr\u00e1n de levantar numerosos establos que pretenden representar el cuadro de Bel\u00e9n. Pero generalmente hemos hallado en ellos un error muy importante que cambia totalmente el significado de esta fecha y contradice el texto de las Sagradas Escrituras. En efecto, se ubica la figura del ni\u00f1o Jes\u00fas en una cuna, en el piso de un establo.<\/p>\n\n\n\n<p class=\"has-regular-font-size\">Sin embargo no fue eso lo que ocurri\u00f3, de acuerdo con lo que expresa la Palabra de Dios, la Biblia. El Redentor no tuvo una camita para ser acostado en ella, sino que la gran se\u00f1al que los \u00e1ngeles indicaron a los pastores era precisamente esta circunstancia:<em>&#8220;\u2026hallar\u00e9is al ni\u00f1o envuelto en pa\u00f1ales, echado en un pesebre.&#8221;<\/em><strong> <\/strong>(Lucas 2:12)<\/p>\n\n\n\n<p class=\"has-regular-font-size\">A nadie llama la atenci\u00f3n que un bebito sea envuelto en pa\u00f1ales, pero lo extraordinario, completamente fuera de lo com\u00fan, es encontrarlo acostado en un pesebre; all\u00ed est\u00e1 la gran se\u00f1al evang\u00e9lica, pues si Dios permiti\u00f3 que el Verbo Eterno encarnara en esa criatura y luego fuese colocado en ese lugar, lo hizo para mostrar a la humanidad la condici\u00f3n en que se encontraba y hasta d\u00f3nde debi\u00f3 humillarse el Se\u00f1or para poder salvarnos.<\/p>\n\n\n\n<p class=\"has-regular-font-size\">El pesebre es el sitio donde se deposita la comida para las bestias; y a\u00fan el animal m\u00e1s torpe, el asno, dice la Biblia, que conoce el pesebre de su se\u00f1or (Isa\u00edas 1:3); pero el hombre no tiene entendimiento, pues ha dejado a Dios, la fuente de agua viva, para cavar para s\u00ed cisternas rotas, que no detienen aguas donde apagar su sed espiritual (Jerem\u00edas 2:13). Es decir, el g\u00e9nero humano, en su ceguera, ha descendido tanto que, comparativamente hablando, una bestia tiene mayor conocimiento de su due\u00f1o que el hombre de su Creador.<\/p>\n\n\n\n<p class=\"has-regular-font-size\">Por ello es que Jesucristo vino a nacer all\u00ed, al lugar donde puede encontrarnos como somos, miserables y perdidos pecadores, ocupados \u00fanicamente en la satisfacci\u00f3n de nuestros apetitos carnales, sin importarnos para nada los deseos y prop\u00f3sitos de Dios. \u00bfAcaso t\u00fa, amable lector, puedes decir que te has preocupado de tus obligaciones para con tu Creador? Y si de alguna manera piensas que lo has hecho, \u00bfcu\u00e1nto tiempo de tus d\u00edas est\u00e1s dedicado a darle a \u00c9l la gloria y honra que s\u00f3lo merece? Si eres sincero te dar\u00e1s cuenta de inmediato que est\u00e1s en falta frente a Aquel a quien un d\u00eda tendr\u00e1s que dar cuenta de tus actos.<\/p>\n\n\n\n<p class=\"has-regular-font-size\">Sin embargo, todav\u00eda est\u00e1s a tiempo de arreglar tu situaci\u00f3n; esta Navidad puede tener una importancia vital para ti, si penetras en el significado de aquel pesebre de Bel\u00e9n.<\/p>\n\n\n\n<p class=\"has-regular-font-size\">S\u00ed, querido amigo, el Dios Eterno e Infinito fue capaz de realizar un sacrificio tan grande por amor a nosotros: Se despoj\u00f3 de Su Gloria para venir a morar en aquel ni\u00f1o, para llevar esa humanidad santa y preciosa hasta la cruz del Calvario para que muriese en nuestro lugar.<\/p>\n\n\n\n<p class=\"has-regular-font-size\">Porque si la Navidad nos est\u00e1 se\u00f1alando el descenso del hombre a causa de su pecado, tambi\u00e9n nos indica que Cristo, para ser nuestro Salvador, no s\u00f3lo deb\u00eda nacer en un humilde lugar, sino tambi\u00e9n e ineludiblemente, deb\u00eda morir en una cruz de maldici\u00f3n. De all\u00ed, entonces, que el pesebre se\u00f1ala s\u00f3lo el comienzo de una larga cadena de sacrificios que \u00c9l deb\u00eda realizar para conducirnos a la gloria eterna.<\/p>\n\n\n\n<p class=\"has-regular-font-size\">Cristo baj\u00f3 de los cielos para venir a buscarnos; y hoy, a trav\u00e9s de estas l\u00edneas, lo hace contigo, estimado lector, Cristo te llama, as\u00ed como est\u00e1s, donde est\u00e1s. Lo hace para ofrecerte el perd\u00f3n de tus pecados por la fe en la sangre que \u00c9l derram\u00f3 por cada uno de nosotros.<\/p>\n\n\n\n<p class=\"has-regular-font-size\">No habr\u00e1 mejor manera, m\u00e1s hermosa forma de celebrar la Navidad, que creer en Aquel que debi\u00f3 nacer en un pesebre para encontrarse all\u00ed conmigo; y que debi\u00f3 morir en la cruz para derramar Su sangre preciosa y lavar con ella mis pecados.<\/p>\n\n\n\n<p class=\"has-regular-font-size\">\u00bfDeseas t\u00fa experimentar ahora mismo esa bendici\u00f3n? Cree en el Se\u00f1or Jesucristo y recibir\u00e1s el perd\u00f3n. Acepta Su obra a tu favor y tendr\u00e1s la vida eterna.<\/p>\n\n\n\n<p class=\"has-regular-font-size\">\u00bfNo quieres hacerlo hoy, cuando todav\u00eda est\u00e1s a tiempo? \u00bfQu\u00e9 ser\u00e1 el ma\u00f1ana? No est\u00e1 en nuestras manos determinarlo. Hoy es el d\u00eda de salvaci\u00f3n, cuando a\u00fan Cristo ofrece gratuitamente el perd\u00f3n. Rec\u00edbele en tu coraz\u00f3n, el sucio pesebre donde tambi\u00e9n \u00c9l quiere nacer, para iluminarlo con la lumbre de la vida y limpiarlo con Su sangre sublime. Reci\u00e9n entonces comprender\u00e1s la profundidad de la bendita paz que los \u00e1ngeles anunciaron en la nochebuena de Bel\u00e9n.<\/p>\n\n\n\n<p class=\"has-text-align-right\">&#8211; Extra\u00eddo del Tratado: &#8220;El pesebre de Bel\u00e9n&#8221; &#8211;<\/p>\n<\/div><\/div>\n ","protected":false},"excerpt":{"rendered":"<p>EL PESEBRE DE BEL\u00c9N Al acercarse los d\u00edas de Navidad y seg\u00fan es costumbre en&#8230;<\/p>\n","protected":false},"author":1,"featured_media":0,"parent":315,"menu_order":0,"comment_status":"closed","ping_status":"closed","template":"","meta":{"footnotes":""},"class_list":["post-341","page","type-page","status-publish","hentry"],"_links":{"self":[{"href":"https:\/\/www.iglesiaenlaplata.ar\/index.php?rest_route=\/wp\/v2\/pages\/341","targetHints":{"allow":["GET"]}}],"collection":[{"href":"https:\/\/www.iglesiaenlaplata.ar\/index.php?rest_route=\/wp\/v2\/pages"}],"about":[{"href":"https:\/\/www.iglesiaenlaplata.ar\/index.php?rest_route=\/wp\/v2\/types\/page"}],"author":[{"embeddable":true,"href":"https:\/\/www.iglesiaenlaplata.ar\/index.php?rest_route=\/wp\/v2\/users\/1"}],"replies":[{"embeddable":true,"href":"https:\/\/www.iglesiaenlaplata.ar\/index.php?rest_route=%2Fwp%2Fv2%2Fcomments&post=341"}],"version-history":[{"count":6,"href":"https:\/\/www.iglesiaenlaplata.ar\/index.php?rest_route=\/wp\/v2\/pages\/341\/revisions"}],"predecessor-version":[{"id":405,"href":"https:\/\/www.iglesiaenlaplata.ar\/index.php?rest_route=\/wp\/v2\/pages\/341\/revisions\/405"}],"up":[{"embeddable":true,"href":"https:\/\/www.iglesiaenlaplata.ar\/index.php?rest_route=\/wp\/v2\/pages\/315"}],"wp:attachment":[{"href":"https:\/\/www.iglesiaenlaplata.ar\/index.php?rest_route=%2Fwp%2Fv2%2Fmedia&parent=341"}],"curies":[{"name":"wp","href":"https:\/\/api.w.org\/{rel}","templated":true}]}}