{"id":322,"date":"2020-12-17T23:19:37","date_gmt":"2020-12-18T02:19:37","guid":{"rendered":"https:\/\/www.iglesiaenlaplata.ar\/?page_id=322"},"modified":"2020-12-18T15:57:31","modified_gmt":"2020-12-18T18:57:31","slug":"una-verdadera-navidad","status":"publish","type":"page","link":"https:\/\/www.iglesiaenlaplata.ar\/?page_id=322","title":{"rendered":"Una verdadera Navidad"},"content":{"rendered":"\n<div class=\"wp-block-media-text alignwide is-stacked-on-mobile is-vertically-aligned-top\" style=\"grid-template-columns:15% auto\"><figure class=\"wp-block-media-text__media\"><img loading=\"lazy\" decoding=\"async\" width=\"400\" height=\"400\" src=\"https:\/\/www.iglesiaenlaplata.ar\/wp-content\/uploads\/2020\/12\/campanas.png\" alt=\"\" class=\"wp-image-327 size-full\"\/><\/figure><div class=\"wp-block-media-text__content\">\n<p style=\"font-size:24px\"><strong>UNA VERDADERA NAVIDAD<\/strong><\/p>\n\n\n\n<p class=\"has-regular-font-size\"><em>\u201cM\u00e1s venido el cumplimiento del tiempo, Dios envi\u00f3 su Hijo, hecho de mujer, hecho s\u00fabdito a la Ley, para que redimiese a los que estaban debajo de la Ley, a fin de que recibi\u00e9semos la adopci\u00f3n de hijos.\u201d&nbsp;&nbsp;&nbsp;&nbsp;&nbsp;&nbsp;&nbsp;&nbsp;&nbsp;&nbsp;&nbsp;&nbsp;&nbsp; &nbsp;&nbsp;&nbsp;&nbsp;&nbsp;&nbsp;&nbsp;&nbsp;&nbsp;&nbsp;&nbsp;&nbsp;&nbsp;&nbsp;&nbsp;&nbsp;&nbsp;&nbsp;&nbsp;&nbsp;&nbsp;&nbsp;&nbsp;&nbsp;&nbsp;&nbsp;&nbsp;&nbsp;&nbsp;&nbsp;<\/em>G\u00e1latas 4:4 y 5<\/p>\n\n\n\n<p class=\"has-regular-font-size\">Esta frase de la Biblia, fue escrita por el Ap\u00f3stol San Pablo en relaci\u00f3n con una doctrina que quiz\u00e1 algu\u00adna vez haya originado dudas en muchos de nosotros, respecto a quienes son los verdaderos hijos de Dios.<\/p>\n\n\n\n<p class=\"has-regular-font-size\">En efecto, por ser \u00c9l el Creador del universo y todo aquello que en el mismo existe, en cuanto a cosas inani\u00admadas y seres vivos, podemos afirmar, de acuerdo a lo que expresa la Biblia en G\u00e9nesis 1:27, que el hombre fue formado a imagen y semejanza suya. Pero esto, de ninguna manera significa que todos &nbsp;los &nbsp;seres &nbsp;humanos &nbsp;sean &nbsp;sus hijos sino, como terminamos de afirmar, son solamente criaturas suyas.<\/p>\n\n\n\n<p class=\"has-regular-font-size\">El Ap\u00f3stol, en San Juan 1:12 y 13, expresa&nbsp;<em>\u201cMas a todos lo que le recibieron, di\u00f3les potestad de ser hechos hijos Dios, a los que creen en su nombre: los cuales no son engendrados de sangre, ni de voluntad de carne, ni de voluntad de var\u00f3n, mas de Dios\u201d<\/em>.<\/p>\n\n\n\n<p class=\"has-regular-font-size\">En consecuencia, cada uno de los seres humanos que habitamos esta tierra, podemos saber, de inmediato, en que categor\u00eda nos encontramos frente a esta definici\u00f3n B\u00edblica. Puesto que, para recibir la inmensa bendici\u00f3n de ser considerados hijos de Dios, debemos primero arrepentirnos de nuestros pecados y luego creer en el Se\u00f1or Jesucristo como nuestro \u00fanico y suficiente Salvador.<\/p>\n\n\n\n<p class=\"has-regular-font-size\">Precisamente la Navidad que en estos d\u00edas vamos a recordar, tiene como uno de sus mensajes m\u00e1s directos y significativos, aquel que anunci\u00f3 el \u00e1ngel a los pastores de Bel\u00e9n&nbsp;<em>\u201cHe aqu\u00ed os doy nuevas de gran gozo, que ser\u00e1 para todo el pueblo. Que os ha nacido hoy, en la ciudad de David un Salvador que es Cristo el Se\u00f1or\u201d<\/em>&nbsp;San Lucas 2:10 y 11.<\/p>\n\n\n\n<p class=\"has-regular-font-size\">Desde luego que este es el hecho m\u00e1s importante y significativo de esta y toda Navidad, y debemos&nbsp;&nbsp; dar gracias a Dios por ello. Pero en definitiva, dicha recor\u00addaci\u00f3n no tiene raz\u00f3n de ser, si la misma no va acom\u00adpa\u00f1ada de nuestro reconocimiento personal, que somos nosotros mismos quienes necesitamos un Salvador; puesto que estamos presos de nuestros pecados y maldades y definitivamente condenados a la perdici\u00f3n eterna.<\/p>\n\n\n\n<p class=\"has-regular-font-size\">Por lo tanto, para celebrar esta Navidad de una manera correcta y realmente fruct\u00edfera, se hace imprescindible reconocer la situaci\u00f3n en la cual nos hallamos, habiendo pecado contra el Creador, estamos apartados de Su comuni\u00f3n.<\/p>\n\n\n\n<p class=\"has-regular-font-size\">Por ello, debemos arrepentirnos de todas nuestras faltas y creer en el Se\u00f1or Jesucristo como nuestro \u00fanico y suficiente Sal\u00advador. Si obramos de esta manera, seguramente hemos de obtener la paz con Dios, el consuelo y la salvaci\u00f3n eterna que solo \u00c9l puede y quiere concedernos. Cada uno, en forma personal, debe decidir si la Navidad tendr\u00e1 para s\u00ed mismo este profundo y glorioso significado o seguir\u00e1 teniendo el mismo car\u00e1cter que las celebraciones paganas de los hombres perdidos y alejados de los santos prop\u00f3sitos divinos.<\/p>\n\n\n\n<p class=\"has-regular-font-size\">Pero insistimos, para que esto ocurra se requiere un sincero &nbsp;arrepentimiento &nbsp;para &nbsp;con &nbsp;Dios&nbsp; y una fe completa y total en la Bendita Persona y Obra del Se\u00f1or Jesucristo, cuya sangre preciosa nos limpia de todo pecado.<\/p>\n\n\n\n<p class=\"has-regular-font-size\">Si as\u00ed lo hiciere, habr\u00e1 entonces un nuevo nacimiento, el m\u00edo, pues ser\u00e9 engendrado como hijo de Dios por la obra y virtud del Esp\u00edritu Santo. Esa ser\u00e1 mi verdadera y eterna Navidad. Quiera Dios que as\u00ed sea.<\/p>\n\n\n\n<p class=\"has-regular-font-size\"><em>\u201cPorque de tal manera am\u00f3 Dios al mundo,<\/em>&nbsp;<em>que ha dado a su Hijo unig\u00e9nito,<\/em>&nbsp;<em>para que todo aquel que en \u00e9l cree,<\/em>&nbsp;<em>no se pierda, mas tenga vida eterna.\u201d<\/em>&nbsp;San Juan 3:16<\/p>\n\n\n\n<p class=\"has-text-align-right\" style=\"font-size:14px\">\u2013 Extra\u00eddo del Tratado: \u201cUna verdadera Navidad\u201d \u2013<\/p>\n<\/div><\/div>\n ","protected":false},"excerpt":{"rendered":"<p>UNA VERDADERA NAVIDAD \u201cM\u00e1s venido el cumplimiento del tiempo, Dios envi\u00f3 su Hijo, hecho de&#8230;<\/p>\n","protected":false},"author":1,"featured_media":0,"parent":315,"menu_order":0,"comment_status":"closed","ping_status":"closed","template":"","meta":{"footnotes":""},"class_list":["post-322","page","type-page","status-publish","hentry"],"_links":{"self":[{"href":"https:\/\/www.iglesiaenlaplata.ar\/index.php?rest_route=\/wp\/v2\/pages\/322","targetHints":{"allow":["GET"]}}],"collection":[{"href":"https:\/\/www.iglesiaenlaplata.ar\/index.php?rest_route=\/wp\/v2\/pages"}],"about":[{"href":"https:\/\/www.iglesiaenlaplata.ar\/index.php?rest_route=\/wp\/v2\/types\/page"}],"author":[{"embeddable":true,"href":"https:\/\/www.iglesiaenlaplata.ar\/index.php?rest_route=\/wp\/v2\/users\/1"}],"replies":[{"embeddable":true,"href":"https:\/\/www.iglesiaenlaplata.ar\/index.php?rest_route=%2Fwp%2Fv2%2Fcomments&post=322"}],"version-history":[{"count":16,"href":"https:\/\/www.iglesiaenlaplata.ar\/index.php?rest_route=\/wp\/v2\/pages\/322\/revisions"}],"predecessor-version":[{"id":416,"href":"https:\/\/www.iglesiaenlaplata.ar\/index.php?rest_route=\/wp\/v2\/pages\/322\/revisions\/416"}],"up":[{"embeddable":true,"href":"https:\/\/www.iglesiaenlaplata.ar\/index.php?rest_route=\/wp\/v2\/pages\/315"}],"wp:attachment":[{"href":"https:\/\/www.iglesiaenlaplata.ar\/index.php?rest_route=%2Fwp%2Fv2%2Fmedia&parent=322"}],"curies":[{"name":"wp","href":"https:\/\/api.w.org\/{rel}","templated":true}]}}