{"id":172,"date":"2020-12-16T22:18:36","date_gmt":"2020-12-17T01:18:36","guid":{"rendered":"https:\/\/www.iglesiaenlaplata.ar\/?page_id=172"},"modified":"2026-01-26T10:03:37","modified_gmt":"2026-01-26T13:03:37","slug":"anexos-de-la-iglesia","status":"publish","type":"page","link":"https:\/\/www.iglesiaenlaplata.ar\/?page_id=172","title":{"rendered":"Templo y Anexos de la Iglesia"},"content":{"rendered":"\n<h5 class=\"wp-block-heading alignfull has-text-align-center has-blue-color has-text-color has-background\" style=\"background-color:#e5e8e9\"><em><strong>&#8220;Yo me alegr\u00e9 con los que me dec\u00edan: a la casa de Jehov\u00e1 iremos&#8221;<\/strong><\/em> Salmo 122:1 (Santa Biblia &#8211; RV1909)<\/h5>\n\n\n\n<hr class=\"wp-block-separator has-text-color has-red-color has-css-opacity has-red-background-color has-background alignfull is-style-wide\"\/>\n\n\n\n<div class=\"wp-block-media-text alignwide is-stacked-on-mobile is-vertically-aligned-top\" style=\"grid-template-columns:28% auto\"><figure class=\"wp-block-media-text__media\"><img loading=\"lazy\" decoding=\"async\" width=\"1440\" height=\"1440\" src=\"https:\/\/www.iglesiaenlaplata.ar\/wp-content\/uploads\/2020\/12\/TemploLP.jpg\" alt=\"\" class=\"wp-image-188 size-full\"\/><\/figure><div class=\"wp-block-media-text__content\">\n<p class=\"has-blue-color has-text-color\" style=\"font-size:22px;line-height:1.5\"><strong>Templo de la Iglesia Cristiana Evang\u00e9lica<\/strong><\/p>\n\n\n\n<p style=\"font-size:18px;line-height:1.5\">Calle 61 Nro. 1170 entre 18 y 19<\/p>\n\n\n\n<p style=\"font-size:18px;line-height:1.5\">La Plata &#8211; Pdo. de La Plata &#8211; Bs. As.<\/p>\n\n\n\n<p> <a href=\"https:\/\/maps.app.goo.gl\/EehcXgL5XpH2j85D8\" target=\"_blank\" rel=\"noreferrer noopener\"><img loading=\"lazy\" decoding=\"async\" width=\"50\" height=\"50\" class=\"wp-image-957\" style=\"width: 50px;\" src=\"https:\/\/www.iglesiaenlaplata.ar\/wp-content\/uploads\/2024\/10\/locations_16451281.png\" alt=\"\"> C\u00d3MO LLEGAR<\/a><\/p>\n<\/div><\/div>\n\n\n\n<div class=\"wp-block-media-text alignwide is-stacked-on-mobile is-vertically-aligned-top\" style=\"grid-template-columns:28% auto\"><figure class=\"wp-block-media-text__media\"><img loading=\"lazy\" decoding=\"async\" width=\"923\" height=\"720\" src=\"https:\/\/www.iglesiaenlaplata.ar\/wp-content\/uploads\/2021\/04\/FotoAnexoAltosDeSanLorenzo-1.jpeg\" alt=\"\" class=\"wp-image-667 size-full\"\/><\/figure><div class=\"wp-block-media-text__content\">\n<p class=\"has-blue-color has-text-color\" style=\"font-size:22px;line-height:1.5\"><strong>Anexo en Altos de San Lorenzo<\/strong><\/p>\n\n\n\n<p style=\"font-size:18px;line-height:1.5\">Calle 88 entre 20 y 21<\/p>\n\n\n\n<p style=\"font-size:18px;line-height:1.5\">Altos de San Lorenzo &#8211; Pdo. de La Plata &#8211; Bs. As.<\/p>\n\n\n\n<p><a href=\"https:\/\/maps.app.goo.gl\/WhrG75x9qyv9BYSa9\" data-type=\"link\" data-id=\"https:\/\/maps.app.goo.gl\/WhrG75x9qyv9BYSa9\" target=\"_blank\" rel=\"noreferrer noopener\"><img loading=\"lazy\" decoding=\"async\" width=\"50\" height=\"50\" class=\"wp-image-957\" style=\"width: 50px;\" src=\"https:\/\/www.iglesiaenlaplata.ar\/wp-content\/uploads\/2024\/10\/locations_16451281.png\" alt=\"\"> C\u00d3MO LLEGAR<\/a><\/p>\n<\/div><\/div>\n\n\n\n<div class=\"wp-block-media-text alignwide is-stacked-on-mobile is-vertically-aligned-top\" style=\"grid-template-columns:28% auto\"><figure class=\"wp-block-media-text__media\"><img loading=\"lazy\" decoding=\"async\" width=\"1570\" height=\"1463\" src=\"https:\/\/www.iglesiaenlaplata.ar\/wp-content\/uploads\/2020\/12\/ANEXO-ElDique-.jpg\" alt=\"\" class=\"wp-image-180 size-full\"\/><\/figure><div class=\"wp-block-media-text__content\">\n<p class=\"has-blue-color has-text-color\" style=\"font-size:22px;line-height:1.5\"><strong>Anexo en El Dique<\/strong><\/p>\n\n\n\n<p style=\"font-size:18px;line-height:1.5\">Calle 124 Nro 675 entre 45 y 46<\/p>\n\n\n\n<p style=\"font-size:18px;line-height:1.5\">El Dique &#8211; Pdo. de Ensenada &#8211; Bs. As.<\/p>\n\n\n\n<p><a href=\"https:\/\/maps.app.goo.gl\/wHUfTiWdYR6unEkg9\" data-type=\"link\" data-id=\"https:\/\/maps.app.goo.gl\/wHUfTiWdYR6unEkg9\" target=\"_blank\" rel=\"noreferrer noopener\"><img loading=\"lazy\" decoding=\"async\" width=\"50\" height=\"50\" class=\"wp-image-957\" style=\"width: 50px;\" src=\"https:\/\/www.iglesiaenlaplata.ar\/wp-content\/uploads\/2024\/10\/locations_16451281.png\" alt=\"\"> C\u00d3MO LLEGAR<\/a><\/p>\n<\/div><\/div>\n\n\n\n<div class=\"wp-block-media-text alignwide is-stacked-on-mobile is-vertically-aligned-top\" style=\"grid-template-columns:28% auto\"><figure class=\"wp-block-media-text__media\"><img loading=\"lazy\" decoding=\"async\" width=\"1600\" height=\"1200\" src=\"https:\/\/www.iglesiaenlaplata.ar\/wp-content\/uploads\/2026\/01\/WhatsApp-Image-2025-12-25-at-11.49.36.jpeg\" alt=\"\" class=\"wp-image-1051 size-full\"\/><\/figure><div class=\"wp-block-media-text__content\">\n<p class=\"has-blue-color has-text-color\" style=\"font-size:22px;line-height:1.5\"><strong>Anexo en Ensenada<\/strong> &#8211; NUEVO lugar de Culto<\/p>\n\n\n\n<p style=\"font-size:18px;line-height:1.5\">Calle Eva Per\u00f3n 1036 entre Liniers y Barrag\u00e1n<\/p>\n\n\n\n<p style=\"font-size:18px;line-height:1.5\">Ensenada &#8211; Pdo. de Ensenada &#8211; Bs. As.<\/p>\n\n\n\n<p><a href=\"https:\/\/maps.app.goo.gl\/1ZKnpgBDM4ucJUJ6A\" target=\"_blank\" rel=\"noreferrer noopener\"><img loading=\"lazy\" decoding=\"async\" width=\"50\" height=\"50\" class=\"wp-image-957\" style=\"width: 50px;\" src=\"https:\/\/www.iglesiaenlaplata.ar\/wp-content\/uploads\/2024\/10\/locations_16451281.png\" alt=\"\"> C\u00d3MO LLEGAR<\/a><\/p>\n<\/div><\/div>\n\n\n\n<div class=\"wp-block-media-text alignwide is-stacked-on-mobile is-vertically-aligned-top\" style=\"grid-template-columns:28% auto\"><figure class=\"wp-block-media-text__media\"><img loading=\"lazy\" decoding=\"async\" width=\"941\" height=\"942\" src=\"https:\/\/www.iglesiaenlaplata.ar\/wp-content\/uploads\/2020\/12\/ANEXO-CityBell-1.jpeg\" alt=\"\" class=\"wp-image-187 size-full\"\/><\/figure><div class=\"wp-block-media-text__content\">\n<p class=\"has-blue-color has-text-color has-link-color wp-elements-0edbbe2a3e9bef8b92f46b89a3afa00e\" style=\"font-size:22px;line-height:1.5\"><strong>Anexo en <strong>City Bell<\/strong><\/strong><\/p>\n\n\n\n<p style=\"font-size:18px;line-height:1.5\">Calle 24 entre 443 y 444<\/p>\n\n\n\n<p style=\"font-size:18px;line-height:1.5\">City Bell &#8211; Pdo. de La Plata &#8211; Bs. As.<\/p>\n\n\n\n<p><a href=\"https:\/\/maps.app.goo.gl\/9tDvi4rrXsjiV4MGA\" target=\"_blank\" rel=\"noreferrer noopener\"><img loading=\"lazy\" decoding=\"async\" width=\"50\" height=\"50\" class=\"wp-image-957\" style=\"width: 50px;\" src=\"https:\/\/www.iglesiaenlaplata.ar\/wp-content\/uploads\/2024\/10\/locations_16451281.png\" alt=\"\"> C\u00d3MO LLEGAR<\/a><\/p>\n<\/div><\/div>\n\n\n\n<p><\/p>\n ","protected":false},"excerpt":{"rendered":"<p>&#8220;Yo me alegr\u00e9 con los que me dec\u00edan: a la casa de Jehov\u00e1 iremos&#8221; Salmo&#8230;<\/p>\n","protected":false},"author":1,"featured_media":0,"parent":153,"menu_order":0,"comment_status":"closed","ping_status":"closed","template":"","meta":{"footnotes":""},"class_list":["post-172","page","type-page","status-publish","hentry"],"_links":{"self":[{"href":"https:\/\/www.iglesiaenlaplata.ar\/index.php?rest_route=\/wp\/v2\/pages\/172","targetHints":{"allow":["GET"]}}],"collection":[{"href":"https:\/\/www.iglesiaenlaplata.ar\/index.php?rest_route=\/wp\/v2\/pages"}],"about":[{"href":"https:\/\/www.iglesiaenlaplata.ar\/index.php?rest_route=\/wp\/v2\/types\/page"}],"author":[{"embeddable":true,"href":"https:\/\/www.iglesiaenlaplata.ar\/index.php?rest_route=\/wp\/v2\/users\/1"}],"replies":[{"embeddable":true,"href":"https:\/\/www.iglesiaenlaplata.ar\/index.php?rest_route=%2Fwp%2Fv2%2Fcomments&post=172"}],"version-history":[{"count":27,"href":"https:\/\/www.iglesiaenlaplata.ar\/index.php?rest_route=\/wp\/v2\/pages\/172\/revisions"}],"predecessor-version":[{"id":1054,"href":"https:\/\/www.iglesiaenlaplata.ar\/index.php?rest_route=\/wp\/v2\/pages\/172\/revisions\/1054"}],"up":[{"embeddable":true,"href":"https:\/\/www.iglesiaenlaplata.ar\/index.php?rest_route=\/wp\/v2\/pages\/153"}],"wp:attachment":[{"href":"https:\/\/www.iglesiaenlaplata.ar\/index.php?rest_route=%2Fwp%2Fv2%2Fmedia&parent=172"}],"curies":[{"name":"wp","href":"https:\/\/api.w.org\/{rel}","templated":true}]}}