{"id":151,"date":"2020-12-16T16:19:52","date_gmt":"2020-12-16T19:19:52","guid":{"rendered":"https:\/\/www.iglesiaenlaplata.ar\/?page_id=151"},"modified":"2021-02-04T11:43:21","modified_gmt":"2021-02-04T14:43:21","slug":"que-creemos","status":"publish","type":"page","link":"https:\/\/www.iglesiaenlaplata.ar\/?page_id=151","title":{"rendered":"Qu\u00e9 creemos&#8230;"},"content":{"rendered":"\n<div class=\"wp-block-image\"><figure class=\"aligncenter size-large\"><img loading=\"lazy\" decoding=\"async\" width=\"1000\" height=\"300\" src=\"https:\/\/www.iglesiaenlaplata.ar\/wp-content\/uploads\/2020\/12\/Encabezado-Biblia-2.jpg\" alt=\"\" class=\"wp-image-265\"\/><\/figure><\/div>\n\n\n\n<div style=\"height:10px\" aria-hidden=\"true\" class=\"wp-block-spacer\"><\/div>\n\n\n\n<p class=\"has-blue-color has-text-color\" style=\"font-size:18px;line-height:0\"><strong>NUESTRA DECLARACI\u00d3N DOCTRINAL<\/strong><\/p>\n\n\n\n<p style=\"font-size:18px\">(1) La Biblia es la Palabra de Dios, inerrable e infalible, inspirada por el Esp\u00edritu Santo a los que la escribieron, a quienes preserv\u00f3 de todo error (<em>Salmo 12:6, 2\u00aa Timoteo 3:15-17, 2\u00aa Pedro 1:21, 1\u00aa Pedro 1:9-12, 23; San Lucas 24:44-48, San Mateo 22:29, San Juan 5:39-47).<\/em><\/p>\n\n\n\n<p style=\"font-size:18px\">(2) Adoramos al \u00fanico, eterno y verdadero Dios: uno en esencia y trino en personas: Padre, Hijo y Esp\u00edritu Santo creador y sustentador de los seres y las cosas visibles e invisibles. (<em>Deuteronomio 6:4, San Juan 10:30; San Mateo 3:16, 17 y 28:19, 1\u00aa Juan 5:7, 8).<\/em><\/p>\n\n\n\n<p style=\"font-size:18px\">(3) El Se\u00f1or Jesucristo es el \u00fanico Salvador y mediador entre Dios y los hombres. <em>(Hechos 4:12, San Mateo 1:21, Hechos 10:43, 1<em>\u00aa<\/em> Timoteo 2:5)<\/em><\/p>\n\n\n\n<p style=\"font-size:18px\">Confesamos Su Deidad; su verdadera y propia humanidad; su nacimiento virginal; su vida inmaculada, la redenci\u00f3n de nuestros pecados por su sangre en su muerte expiatoria y vicaria; su resurrecci\u00f3n corporal; su ascensi\u00f3n a la gloria; su prometido retorno en los aires para arrebatar a los suyos antes de la gran tribulaci\u00f3n, resucitando a los muertos y transformando juntamente a los que vivan, para constituir Su Tribunal galardonador y celebrar las Bodas del Cordero; su venida a la tierra con sus santos para establecer su reino milenial; la resurrecci\u00f3n y el juicio final; los nuevos cielos y la nueva tierra.&nbsp;&nbsp;<\/p>\n\n\n\n<p style=\"font-size:18px\">(4) La salvaci\u00f3n por gracia, no por obras, recibida mediante el arrepentimiento para con Dios y la fe en el Se\u00f1or Jesucristo. La eterna felicidad de los salvados y el castigo eterno de los perdidos <em>(Efesios 2:8, 9; Los Hechos 15:11; Romanos 3:27, 28; Tito 3:5).<\/em>\u00a0<\/p>\n\n\n\n<p style=\"font-size:18px\">(5) La obra personal actual del Esp\u00edritu Santo, \u00fanico vicario del Se\u00f1or Jes\u00fas en la tierra, a Quien glorifica formando la Iglesia, engendrando, santificando, dotando y fructificando espiritualmente a los creyentes.&nbsp;<em>(San Juan 16:8, Los Hechos 5:31 y 11:18, Romanos 2:14, San Juan 16:13, 14; Romanos 10:17, San Juan 1:12, 13; San Juan 3:5, 6; 1\u00aa Pedro 1:21, 22; 1\u00aa Pedro 1:12-16, Efesios 5:1-21, G\u00e1latas 5:22-25, 1\u00aa Corintios 12:1-11, Romanos 12:1-13, Efesios 4:7-16)<\/em><\/p>\n\n\n\n<p style=\"font-size:18px\">(6) La Iglesia es el cuerpo de Cristo, Quien es su fundamento, cabeza, Se\u00f1or, \u00fanico pont\u00edfice y esposo <em>(1\u00aa Corintios 3:11, Romanos 12:4, 5; 1\u00aa Corintios 12:12-27, Efesios 1:22, 23; Efesios 5:23, San Mateo 16:18, Hebreos 4:15, Apocalipsis 19:5-9).<\/em><\/p>\n\n\n\n<p style=\"font-size:18px\">Es columna y apoyo de la verdad <em>(1\u00aa<\/em> <em>Timoteo 3:15).<\/em><\/p>\n\n\n\n<p style=\"font-size:18px\">(7) La unidad espiritual sustancial de los renacidos y su vocaci\u00f3n a la unidad de la fe en doctrina y pr\u00e1cticas, para manifestar la plena comuni\u00f3n fraternal.<\/p>\n\n\n\n<div style=\"height:20px\" aria-hidden=\"true\" class=\"wp-block-spacer\"><\/div>\n\n\n\n<p class=\"has-blue-color has-text-color\" style=\"font-size:18px;line-height:0\"><strong>NUESTRA FORMA DE GOBIERNO<\/strong><\/p>\n\n\n\n<p style=\"font-size:18px\">TEOCR\u00c1TICO: porque la Sant\u00edsima Trinidad es quien Se\u00f1orea en nuestra iglesia, gobern\u00e1ndola seg\u00fan la Sant\u00edsima y Amorosa Voluntad de Dios, el Padre de todos; del Se\u00f1or Jesucristo su Fundador, Principal Funda\u00admento, Cabeza y Pont\u00edfice \u00fanico. Esposo y Se\u00f1or de la Iglesia; y de Dios el Esp\u00edritu Santo, \u00fanico Vicario de Cristo Jes\u00fas en la tierra, a quien glorifica formando y cuidando la Iglesia, dando renacimiento, dones espirituales, revelaci\u00f3n, crecimiento y santificaci\u00f3n, a cada uno de sus miembros.<\/p>\n\n\n\n<p style=\"font-size:18px\">B\u00cdBLICO: por cuanto el Gobierno de Dios se hace efectivo en la Iglesia, por la subordinaci\u00f3n de todos sus miembros a las ense\u00f1anzas estatuidas en las Sagradas Escrituras y en especial al Nuevo Testamento, por ser la Santa Biblia su \u00fanica autoridad y regla en materia de fe, doctrina, pr\u00e1cticas y disciplina.<\/p>\n\n\n\n<p style=\"font-size:18px\">CONGREGACIONAL: porque en nosotros no hay Jerarqu\u00edas ecle\u00adsi\u00e1sticas ni humanas. La autoridad, como un todo, reside en el Cuerpo pleno de la Iglesia, quien trata y resuelve todos sus asuntos constituida a tal fin como ASAMBLEA DELIBERATIVA, integrada por todos los miembros de la Iglesia en plena comuni\u00f3n, teniendo cada uno voz y voto, debiendo ajustar todas sus decisiones a la Voluntad de Dios en conformi\u00addad con las Sagradas Escrituras.<\/p>\n\n\n\n<div style=\"height:20px\" aria-hidden=\"true\" class=\"wp-block-spacer\"><\/div>\n\n\n\n<p class=\"has-blue-color has-text-color\" style=\"font-size:18px;line-height:0\"><strong>NUESTRAS ORDENANZAS<\/strong><\/p>\n\n\n\n<p style=\"font-size:18px\">El bautismo por inmersi\u00f3n de los creyentes y el memorial de la Cena del Se\u00f1or.<\/p>\n\n\n\n<div style=\"height:20px\" aria-hidden=\"true\" class=\"wp-block-spacer\"><\/div>\n\n\n\n<p class=\"has-blue-color has-text-color\" style=\"font-size:18px;line-height:0\"><strong>NUESTRO CAR\u00c1CTER<\/strong><\/p>\n\n\n\n<p style=\"font-size:18px\">Una casa espiritual, no denominacionalista o sectaria; sea considerada como Asamblea General <em>(San Mateo 16:18)<\/em>, sea cada Iglesia local plenamente aut\u00f3noma de las otras <em>(Filipenses 1:1, Filem\u00f3n 1, 2)<\/em>.<\/p>\n\n\n\n<div style=\"height:20px\" aria-hidden=\"true\" class=\"wp-block-spacer\"><\/div>\n\n\n\n<p class=\"has-blue-color has-text-color\" style=\"font-size:18px;line-height:0\"><strong>NUESTROS PROP\u00d3SITOS<\/strong><\/p>\n\n\n\n<p style=\"font-size:18px\">Como parte de la Iglesia de Cristo <em>(Efesios 1:22, 23)<\/em> s\u00f3lo puede tener Un Prop\u00f3sito Esencial: hacer la Voluntad de Su Cabeza y Se\u00f1or, obrando las <em>\u201c&#8230;buenas obras, las cuales Dios prepar\u00f3 para que anduvi\u00e9semos en ellas.\u201d<\/em> <em>(Efesios 2:10, Hebreos 13:20, 21)<\/em>, y notificar as\u00ed <em>\u201c&#8230;la multiforme sabidur\u00eda de Dios&#8230; a los principados y potestades en los cielos,\u201d<\/em> <em>(Efesios 3:10 comparar 1\u00aa Pedro 1:10-12)<\/em>.<\/p>\n\n\n\n<p style=\"font-size:18px\">Detallamos seguidamente algunas de esas obras, cuyos fines y prop\u00f3sitos hacen a un Fiel Testimonio Eclesial, que Glorifica al Precioso Nombre de Nuestro Se\u00f1or Jesucristo <em>(2\u00aa Tesalonicenses 1:11, 12)<\/em>.<\/p>\n\n\n\n<p style=\"font-size:18px\"><strong>1)  PREDICAR EL EVANGELIO, <\/strong>en obediencia al mandato del Se\u00f1or Jesucristo:<\/p>\n\n\n\n<p style=\"font-size:18px\"><em>\u201c&#8230;ID POR TODO EL MUNDO; PREDICAD EL EVANGELIO A TODA CRIATURA. El que creyere y fuere bautizado, ser\u00e1 salvo; mas el que no creyere, ser\u00e1 condenado.\u201d (San Marcos 16:15,16)<\/em><\/p>\n\n\n\n<p style=\"font-size:18px\"><em>\u201c&#8230;\u00a1ay de m\u00ed si no anunciare el evangelio!\u201d (1\u00aa Corintios 9:16)<\/em><\/p>\n\n\n\n<p style=\"font-size:18px\"><strong>2) \u00a0DEFENDER EL EVANGELIO, <\/strong>testificando la verdad y denunciando las apostas\u00edas del \u201cracionalismo\u201d, \u201cmodernismo\u201d, \u201calta cr\u00edtica\u201d, \u201cecumenismo\u201d, etc., que est\u00e1n minando la fe de muchos. Es la Palabra de Dios que nos ordena: <em>\u201cRequiero yo pues delante de Dios, y del Se\u00f1or Jesucristo\u2026 Que prediques la palabra; que instes a tiempo y fuera de tiempo; redarguye, reprende; exhorta con toda paciencia y doctrina. Porque vendr\u00e1 tiempo cuando no sufrir\u00e1n la sana doctrina; antes, teniendo comez\u00f3n de o\u00edr, se amontonar\u00e1n maestros conforme a sus concupiscencias. Y apartar\u00e1n de la verdad el o\u00eddo y se volver\u00e1n a las f\u00e1bulas.<em>\u201c<\/em> (2\u00aa Timoteo 4:1-4)<\/em><\/p>\n\n\n\n<p style=\"font-size:18px\"><em>\u201c&#8230;sabiendo que soy puesto por la defensa del evangelio.\u201d (Filipenses 1:17)<\/em><\/p>\n\n\n\n<p style=\"font-size:18px\"><strong>3)<\/strong> &nbsp;<strong>CONFIRMAR EL EVANGELIO, <\/strong>por el estudio de la Biblia, la vida de oraci\u00f3n, la edificaci\u00f3n en la fe y crecimiento santo en santa vigilia de la anhelada venida del Se\u00f1or.<\/p>\n\n\n\n<p style=\"font-size:18px\"><em>\u201c&#8230;Avivame en tu camino. Confirma tu palabra a tu siervo, que te teme.\u201d (Salmo 119:37, 38)<\/em><\/p>\n\n\n\n<p style=\"font-size:18px\"><em>\u201cQue ya no seamos ni\u00f1os fluctuantes, y llevados por doquiera de todo viento de doctrina, por estratagema de hombres que, para enga\u00f1ar, emplean con astucia los artificios del error: Antes siguiendo la verdad en amor, crezcamos en todas cosas en aquel que es la cabeza, a saber, Cristo;\u201d (Efesios 4:14, 15)<\/em><\/p>\n\n\n\n<p style=\"font-size:18px\"><em>\u201c\u2026edific\u00e1ndoos sobre vuestra sant\u00edsima fe, orando por el Esp\u00edritu Santo. Conservaos en el amor de Dios&#8230;\u201d (Judas 20, 21)<\/em><\/p>\n\n\n\n<p style=\"font-size:18px\"><em>\u201c&#8230;en la defensa y confirmaci\u00f3n del evangelio, sois todos vosotros compa\u00f1eros de mi gracia.\u201d (Filipenses 1:7)<\/em><\/p>\n\n\n\n<p style=\"font-size:18px\"><strong>4)&nbsp;&nbsp;VELAR \u2013 ORAR \u2013 OBRAR<\/strong>, por la salvaci\u00f3n de los perdidos, la santificaci\u00f3n de los salvados y la fidelidad de los santos.<\/p>\n\n\n\n<p style=\"font-size:18px\"><em>\u201c&#8230;Sed salvos&#8230;\u201d (Los Hechos 2:40)<\/em><\/p>\n\n\n\n<p style=\"font-size:18px\"><em>\u201c&#8230;Sed santos&#8230;\u201d (1\u00aa Pedro 1:16)<\/em><\/p>\n\n\n\n<p style=\"font-size:18px\"><em>\u201c&#8230;S\u00e9 fiel&#8230;&#8221; (Apocalipsis 2:10)<\/em><\/p>\n ","protected":false},"excerpt":{"rendered":"<p>NUESTRA DECLARACI\u00d3N DOCTRINAL (1) La Biblia es la Palabra de Dios, inerrable e infalible, inspirada&#8230;<\/p>\n","protected":false},"author":1,"featured_media":0,"parent":153,"menu_order":0,"comment_status":"closed","ping_status":"closed","template":"","meta":{"footnotes":""},"class_list":["post-151","page","type-page","status-publish","hentry"],"_links":{"self":[{"href":"https:\/\/www.iglesiaenlaplata.ar\/index.php?rest_route=\/wp\/v2\/pages\/151","targetHints":{"allow":["GET"]}}],"collection":[{"href":"https:\/\/www.iglesiaenlaplata.ar\/index.php?rest_route=\/wp\/v2\/pages"}],"about":[{"href":"https:\/\/www.iglesiaenlaplata.ar\/index.php?rest_route=\/wp\/v2\/types\/page"}],"author":[{"embeddable":true,"href":"https:\/\/www.iglesiaenlaplata.ar\/index.php?rest_route=\/wp\/v2\/users\/1"}],"replies":[{"embeddable":true,"href":"https:\/\/www.iglesiaenlaplata.ar\/index.php?rest_route=%2Fwp%2Fv2%2Fcomments&post=151"}],"version-history":[{"count":18,"href":"https:\/\/www.iglesiaenlaplata.ar\/index.php?rest_route=\/wp\/v2\/pages\/151\/revisions"}],"predecessor-version":[{"id":491,"href":"https:\/\/www.iglesiaenlaplata.ar\/index.php?rest_route=\/wp\/v2\/pages\/151\/revisions\/491"}],"up":[{"embeddable":true,"href":"https:\/\/www.iglesiaenlaplata.ar\/index.php?rest_route=\/wp\/v2\/pages\/153"}],"wp:attachment":[{"href":"https:\/\/www.iglesiaenlaplata.ar\/index.php?rest_route=%2Fwp%2Fv2%2Fmedia&parent=151"}],"curies":[{"name":"wp","href":"https:\/\/api.w.org\/{rel}","templated":true}]}}